{"id":835,"date":"2020-03-19T13:01:45","date_gmt":"2020-03-19T12:01:45","guid":{"rendered":"http:\/\/gasthof-bodensteiner.de\/?page_id=835"},"modified":"2020-03-28T19:20:48","modified_gmt":"2020-03-28T18:20:48","slug":"ueber-uns","status":"publish","type":"page","link":"https:\/\/gasthof-bodensteiner.de\/?page_id=835","title":{"rendered":"\u00dcber uns"},"content":{"rendered":"\t\t<div data-elementor-type=\"wp-page\" data-elementor-id=\"835\" class=\"elementor elementor-835\">\n\t\t\t\t\t\t\t\t\t<section class=\"elementor-section elementor-top-section elementor-element elementor-element-f96b335 elementor-section-boxed elementor-section-height-default elementor-section-height-default\" data-id=\"f96b335\" data-element_type=\"section\">\n\t\t\t\t\t\t<div class=\"elementor-container elementor-column-gap-default\">\n\t\t\t\t\t<div class=\"elementor-column elementor-col-100 elementor-top-column elementor-element elementor-element-d33bb51\" data-id=\"d33bb51\" data-element_type=\"column\">\n\t\t\t<div class=\"elementor-widget-wrap elementor-element-populated\">\n\t\t\t\t\t\t\t\t<div class=\"elementor-element elementor-element-e4d48b9 elementor-widget elementor-widget-heading\" data-id=\"e4d48b9\" data-element_type=\"widget\" data-widget_type=\"heading.default\">\n\t\t\t\t<div class=\"elementor-widget-container\">\n\t\t\t<h2 class=\"elementor-heading-title elementor-size-default\"><span style=\"color: rgb(41, 41, 41); font-family: &quot;Roboto Slab&quot;; font-size: 34px; font-style: normal; font-variant-ligatures: normal; font-variant-caps: normal; font-weight: 300; letter-spacing: 1px;\">Tradition in Stulln seit 1734<\/span><\/h2>\t\t<\/div>\n\t\t\t\t<\/div>\n\t\t\t\t<section class=\"elementor-section elementor-inner-section elementor-element elementor-element-471090e elementor-section-boxed elementor-section-height-default elementor-section-height-default\" data-id=\"471090e\" data-element_type=\"section\">\n\t\t\t\t\t\t<div class=\"elementor-container elementor-column-gap-default\">\n\t\t\t\t\t<div class=\"elementor-column elementor-col-50 elementor-inner-column elementor-element elementor-element-9ffa44c\" data-id=\"9ffa44c\" data-element_type=\"column\">\n\t\t\t<div class=\"elementor-widget-wrap elementor-element-populated\">\n\t\t\t\t\t\t\t\t<div class=\"elementor-element elementor-element-c96ce9d elementor-widget elementor-widget-image\" data-id=\"c96ce9d\" data-element_type=\"widget\" data-widget_type=\"image.default\">\n\t\t\t\t<div class=\"elementor-widget-container\">\n\t\t\t\t\t\t\t\t\t\t\t\t\t\t\t<img loading=\"lazy\" decoding=\"async\" width=\"768\" height=\"768\" src=\"https:\/\/gasthof-bodensteiner.de\/wp-content\/uploads\/2020\/03\/logofreigestellt-768x768.png\" class=\"attachment-medium_large size-medium_large wp-image-825\" alt=\"\" srcset=\"https:\/\/gasthof-bodensteiner.de\/wp-content\/uploads\/2020\/03\/logofreigestellt-768x768.png 768w, https:\/\/gasthof-bodensteiner.de\/wp-content\/uploads\/2020\/03\/logofreigestellt-300x300.png 300w, https:\/\/gasthof-bodensteiner.de\/wp-content\/uploads\/2020\/03\/logofreigestellt-1024x1024.png 1024w, https:\/\/gasthof-bodensteiner.de\/wp-content\/uploads\/2020\/03\/logofreigestellt-150x150.png 150w, https:\/\/gasthof-bodensteiner.de\/wp-content\/uploads\/2020\/03\/logofreigestellt-1536x1536.png 1536w, https:\/\/gasthof-bodensteiner.de\/wp-content\/uploads\/2020\/03\/logofreigestellt-2048x2048.png 2048w\" sizes=\"auto, (max-width: 768px) 100vw, 768px\" \/>\t\t\t\t\t\t\t\t\t\t\t\t\t\t\t<\/div>\n\t\t\t\t<\/div>\n\t\t\t\t\t<\/div>\n\t\t<\/div>\n\t\t\t\t<div class=\"elementor-column elementor-col-50 elementor-inner-column elementor-element elementor-element-ba52163\" data-id=\"ba52163\" data-element_type=\"column\">\n\t\t\t<div class=\"elementor-widget-wrap elementor-element-populated\">\n\t\t\t\t\t\t\t\t<div class=\"elementor-element elementor-element-e7da576 elementor-widget elementor-widget-text-editor\" data-id=\"e7da576\" data-element_type=\"widget\" data-widget_type=\"text-editor.default\">\n\t\t\t\t<div class=\"elementor-widget-container\">\n\t\t\t\t\t\t\t<p>Der Gasthof Bodensteiner befindet sich in einem traditionsreichen alten Geb\u00e4ude in Stulln und wird seit \u00fcber 100 Jahren von Generationen der Familie Bodensteiner bewirtschaftet.<\/p><p>Im rustikalen Gastzimmer und in dem gem\u00fctlichen Biergarten unter alten Kastanienb\u00e4umen k\u00f6nnen G\u00e4ste die besondere, famili\u00e4re Atmosph\u00e4re des Hauses und traditionelle Oberpf\u00e4lzer Schmankerln genie\u00dfen. Und nat\u00fcrlich Ihren Geburtstag oder die Hochzeit feiern.<\/p>\t\t\t\t\t\t<\/div>\n\t\t\t\t<\/div>\n\t\t\t\t\t<\/div>\n\t\t<\/div>\n\t\t\t\t\t\t\t<\/div>\n\t\t<\/section>\n\t\t\t\t\t<\/div>\n\t\t<\/div>\n\t\t\t\t\t\t\t<\/div>\n\t\t<\/section>\n\t\t\t\t<section class=\"elementor-section elementor-top-section elementor-element elementor-element-16a4a2a elementor-section-boxed elementor-section-height-default elementor-section-height-default\" data-id=\"16a4a2a\" data-element_type=\"section\">\n\t\t\t\t\t\t<div class=\"elementor-container elementor-column-gap-default\">\n\t\t\t\t\t<div class=\"elementor-column elementor-col-100 elementor-top-column elementor-element elementor-element-01a621e\" data-id=\"01a621e\" data-element_type=\"column\">\n\t\t\t<div class=\"elementor-widget-wrap elementor-element-populated\">\n\t\t\t\t\t\t\t\t<div class=\"elementor-element elementor-element-c70be3a elementor-widget-divider--view-line elementor-widget elementor-widget-divider\" data-id=\"c70be3a\" data-element_type=\"widget\" data-widget_type=\"divider.default\">\n\t\t\t\t<div class=\"elementor-widget-container\">\n\t\t\t\t\t<div class=\"elementor-divider\">\n\t\t\t<span class=\"elementor-divider-separator\">\n\t\t\t\t\t\t<\/span>\n\t\t<\/div>\n\t\t\t\t<\/div>\n\t\t\t\t<\/div>\n\t\t\t\t\t<\/div>\n\t\t<\/div>\n\t\t\t\t\t\t\t<\/div>\n\t\t<\/section>\n\t\t\t\t<section class=\"elementor-section elementor-top-section elementor-element elementor-element-e3dc6bd elementor-section-boxed elementor-section-height-default elementor-section-height-default\" data-id=\"e3dc6bd\" data-element_type=\"section\">\n\t\t\t\t\t\t<div class=\"elementor-container elementor-column-gap-default\">\n\t\t\t\t\t<div class=\"elementor-column elementor-col-100 elementor-top-column elementor-element elementor-element-682fc2d\" data-id=\"682fc2d\" data-element_type=\"column\">\n\t\t\t<div class=\"elementor-widget-wrap elementor-element-populated\">\n\t\t\t\t\t\t\t\t<div class=\"elementor-element elementor-element-a513665 elementor-widget elementor-widget-text-editor\" data-id=\"a513665\" data-element_type=\"widget\" data-widget_type=\"text-editor.default\">\n\t\t\t\t<div class=\"elementor-widget-container\">\n\t\t\t\t\t\t\t<p class=\"western\"><span style=\"font-size: 15px;\">Aber auch internationale Spezialit\u00e4ten sind f\u00fcr das kreative K\u00fcchenteam kein Fremdwort und werden zu speziellen Anl\u00e4ssen, wie zum Beispiel dem \u201eItalienischen Abend\u201c, angeboten.<\/span><\/p><p class=\"western\">Der Juniorchef des Hauses, Gregor Bodensteiner, trat schon fr\u00fch in die Fu\u00dfstapfen seiner Eltern und absolvierte die Ausbildung zum Metzger und Koch.<\/p><p class=\"western\">Seine Erfahrungen konnte er unter anderem w\u00e4hrend seiner T\u00e4tigkeit im \u201eDrahthammerschl\u00f6ssl\u201c und \u201eSchloderer Br\u00e4u\u201c in Amberg, in der Weinstube in Schwandorf sowie im \u201eAndechser am Dom\u201c in Regensburg erweitern.<\/p><p class=\"western\">Zus\u00e4tzlich ist er auch Ausbilder f\u00fcr K\u00f6che und Beik\u00f6che.<\/p><p class=\"western\" align=\"left\">Zusammen mit seiner Mutter Josefine Bodensteiner, Tante Barbara Hofmann und seinem Team steckt er viel Engagement und Liebe in die kulinarische Ausrichtung verschiedener Veranstaltungen und dem w\u00f6chentlichen Sonntagstisch im Familienbetrieb.<\/p>\t\t\t\t\t\t<\/div>\n\t\t\t\t<\/div>\n\t\t\t\t\t<\/div>\n\t\t<\/div>\n\t\t\t\t\t\t\t<\/div>\n\t\t<\/section>\n\t\t\t\t\t\t\t<\/div>\n\t\t","protected":false},"excerpt":{"rendered":"<p>Tradition in Stulln seit 1734 Der Gasthof Bodensteiner befindet sich in einem traditionsreichen alten Geb\u00e4ude in Stulln und wird seit \u00fcber 100 Jahren von Generationen der Familie Bodensteiner bewirtschaftet. Im rustikalen Gastzimmer und in dem gem\u00fctlichen Biergarten unter alten Kastanienb\u00e4umen k\u00f6nnen G\u00e4ste die besondere, famili\u00e4re Atmosph\u00e4re des Hauses und traditionelle Oberpf\u00e4lzer Schmankerln genie\u00dfen. Und nat\u00fcrlich [&hellip;]<\/p>\n","protected":false},"author":1,"featured_media":0,"parent":0,"menu_order":0,"comment_status":"closed","ping_status":"closed","template":"","meta":{"ocean_post_layout":"","ocean_both_sidebars_style":"","ocean_both_sidebars_content_width":0,"ocean_both_sidebars_sidebars_width":0,"ocean_sidebar":"0","ocean_second_sidebar":"0","ocean_disable_margins":"enable","ocean_add_body_class":"","ocean_shortcode_before_top_bar":"","ocean_shortcode_after_top_bar":"","ocean_shortcode_before_header":"","ocean_shortcode_after_header":"","ocean_has_shortcode":"","ocean_shortcode_after_title":"","ocean_shortcode_before_footer_widgets":"","ocean_shortcode_after_footer_widgets":"","ocean_shortcode_before_footer_bottom":"","ocean_shortcode_after_footer_bottom":"","ocean_display_top_bar":"default","ocean_display_header":"default","ocean_header_style":"","ocean_center_header_left_menu":"0","ocean_custom_header_template":"0","ocean_custom_logo":0,"ocean_custom_retina_logo":0,"ocean_custom_logo_max_width":0,"ocean_custom_logo_tablet_max_width":0,"ocean_custom_logo_mobile_max_width":0,"ocean_custom_logo_max_height":0,"ocean_custom_logo_tablet_max_height":0,"ocean_custom_logo_mobile_max_height":0,"ocean_header_custom_menu":"0","ocean_menu_typo_font_family":"0","ocean_menu_typo_font_subset":"","ocean_menu_typo_font_size":0,"ocean_menu_typo_font_size_tablet":0,"ocean_menu_typo_font_size_mobile":0,"ocean_menu_typo_font_size_unit":"px","ocean_menu_typo_font_weight":"","ocean_menu_typo_font_weight_tablet":"","ocean_menu_typo_font_weight_mobile":"","ocean_menu_typo_transform":"","ocean_menu_typo_transform_tablet":"","ocean_menu_typo_transform_mobile":"","ocean_menu_typo_line_height":0,"ocean_menu_typo_line_height_tablet":0,"ocean_menu_typo_line_height_mobile":0,"ocean_menu_typo_line_height_unit":"","ocean_menu_typo_spacing":0,"ocean_menu_typo_spacing_tablet":0,"ocean_menu_typo_spacing_mobile":0,"ocean_menu_typo_spacing_unit":"","ocean_menu_link_color":"","ocean_menu_link_color_hover":"","ocean_menu_link_color_active":"","ocean_menu_link_background":"","ocean_menu_link_hover_background":"","ocean_menu_link_active_background":"","ocean_menu_social_links_bg":"","ocean_menu_social_hover_links_bg":"","ocean_menu_social_links_color":"","ocean_menu_social_hover_links_color":"","ocean_disable_title":"default","ocean_disable_heading":"default","ocean_post_title":"","ocean_post_subheading":"","ocean_post_title_style":"","ocean_post_title_background_color":"","ocean_post_title_background":0,"ocean_post_title_bg_image_position":"","ocean_post_title_bg_image_attachment":"","ocean_post_title_bg_image_repeat":"","ocean_post_title_bg_image_size":"","ocean_post_title_height":0,"ocean_post_title_bg_overlay":0.5,"ocean_post_title_bg_overlay_color":"","ocean_disable_breadcrumbs":"default","ocean_breadcrumbs_color":"","ocean_breadcrumbs_separator_color":"","ocean_breadcrumbs_links_color":"","ocean_breadcrumbs_links_hover_color":"","ocean_display_footer_widgets":"default","ocean_display_footer_bottom":"default","ocean_custom_footer_template":"0","footnotes":""},"class_list":["post-835","page","type-page","status-publish","hentry","entry"],"yoast_head":"<!-- This site is optimized with the Yoast SEO plugin v19.13 - https:\/\/yoast.com\/wordpress\/plugins\/seo\/ -->\n<title>\u00dcber uns - Gasthof Bodensteiner<\/title>\n<meta name=\"robots\" content=\"index, follow, max-snippet:-1, max-image-preview:large, max-video-preview:-1\" \/>\n<link rel=\"canonical\" href=\"https:\/\/gasthof-bodensteiner.de\/?page_id=835\" \/>\n<meta property=\"og:locale\" content=\"de_DE\" \/>\n<meta property=\"og:type\" content=\"article\" \/>\n<meta property=\"og:title\" content=\"\u00dcber uns - Gasthof Bodensteiner\" \/>\n<meta property=\"og:description\" content=\"Tradition in Stulln seit 1734 Der Gasthof Bodensteiner befindet sich in einem traditionsreichen alten Geb\u00e4ude in Stulln und wird seit \u00fcber 100 Jahren von Generationen der Familie Bodensteiner bewirtschaftet. Im rustikalen Gastzimmer und in dem gem\u00fctlichen Biergarten unter alten Kastanienb\u00e4umen k\u00f6nnen G\u00e4ste die besondere, famili\u00e4re Atmosph\u00e4re des Hauses und traditionelle Oberpf\u00e4lzer Schmankerln genie\u00dfen. Und nat\u00fcrlich [&hellip;]\" \/>\n<meta property=\"og:url\" content=\"https:\/\/gasthof-bodensteiner.de\/?page_id=835\" \/>\n<meta property=\"og:site_name\" content=\"Gasthof Bodensteiner\" \/>\n<meta property=\"article:modified_time\" content=\"2020-03-28T18:20:48+00:00\" \/>\n<meta property=\"og:image\" content=\"http:\/\/gasthof-bodensteiner.de\/wp-content\/uploads\/2020\/03\/logofreigestellt-768x768.png\" \/>\n<meta name=\"twitter:card\" content=\"summary_large_image\" \/>\n<meta name=\"twitter:label1\" content=\"Gesch\u00e4tzte Lesezeit\" \/>\n\t<meta name=\"twitter:data1\" content=\"1\u00a0Minute\" \/>\n<script type=\"application\/ld+json\" class=\"yoast-schema-graph\">{\"@context\":\"https:\/\/schema.org\",\"@graph\":[{\"@type\":\"WebPage\",\"@id\":\"https:\/\/gasthof-bodensteiner.de\/?page_id=835\",\"url\":\"https:\/\/gasthof-bodensteiner.de\/?page_id=835\",\"name\":\"\u00dcber uns - Gasthof Bodensteiner\",\"isPartOf\":{\"@id\":\"https:\/\/gasthof-bodensteiner.de\/#website\"},\"datePublished\":\"2020-03-19T12:01:45+00:00\",\"dateModified\":\"2020-03-28T18:20:48+00:00\",\"breadcrumb\":{\"@id\":\"https:\/\/gasthof-bodensteiner.de\/?page_id=835#breadcrumb\"},\"inLanguage\":\"de\",\"potentialAction\":[{\"@type\":\"ReadAction\",\"target\":[\"https:\/\/gasthof-bodensteiner.de\/?page_id=835\"]}]},{\"@type\":\"BreadcrumbList\",\"@id\":\"https:\/\/gasthof-bodensteiner.de\/?page_id=835#breadcrumb\",\"itemListElement\":[{\"@type\":\"ListItem\",\"position\":1,\"name\":\"Startseite\",\"item\":\"https:\/\/gasthof-bodensteiner.de\/\"},{\"@type\":\"ListItem\",\"position\":2,\"name\":\"\u00dcber uns\"}]},{\"@type\":\"WebSite\",\"@id\":\"https:\/\/gasthof-bodensteiner.de\/#website\",\"url\":\"https:\/\/gasthof-bodensteiner.de\/\",\"name\":\"Gasthof Bodensteiner\",\"description\":\"Tradition seit 1734\",\"publisher\":{\"@id\":\"https:\/\/gasthof-bodensteiner.de\/#organization\"},\"potentialAction\":[{\"@type\":\"SearchAction\",\"target\":{\"@type\":\"EntryPoint\",\"urlTemplate\":\"https:\/\/gasthof-bodensteiner.de\/?s={search_term_string}\"},\"query-input\":\"required name=search_term_string\"}],\"inLanguage\":\"de\"},{\"@type\":\"Organization\",\"@id\":\"https:\/\/gasthof-bodensteiner.de\/#organization\",\"name\":\"Gasthof Bodensteiner\",\"url\":\"https:\/\/gasthof-bodensteiner.de\/\",\"logo\":{\"@type\":\"ImageObject\",\"inLanguage\":\"de\",\"@id\":\"https:\/\/gasthof-bodensteiner.de\/#\/schema\/logo\/image\/\",\"url\":\"https:\/\/gasthof-bodensteiner.de\/wp-content\/uploads\/2020\/03\/logofreigestellt.png\",\"contentUrl\":\"https:\/\/gasthof-bodensteiner.de\/wp-content\/uploads\/2020\/03\/logofreigestellt.png\",\"width\":2300,\"height\":2300,\"caption\":\"Gasthof Bodensteiner\"},\"image\":{\"@id\":\"https:\/\/gasthof-bodensteiner.de\/#\/schema\/logo\/image\/\"}}]}<\/script>\n<!-- \/ Yoast SEO plugin. -->","yoast_head_json":{"title":"\u00dcber uns - Gasthof Bodensteiner","robots":{"index":"index","follow":"follow","max-snippet":"max-snippet:-1","max-image-preview":"max-image-preview:large","max-video-preview":"max-video-preview:-1"},"canonical":"https:\/\/gasthof-bodensteiner.de\/?page_id=835","og_locale":"de_DE","og_type":"article","og_title":"\u00dcber uns - Gasthof Bodensteiner","og_description":"Tradition in Stulln seit 1734 Der Gasthof Bodensteiner befindet sich in einem traditionsreichen alten Geb\u00e4ude in Stulln und wird seit \u00fcber 100 Jahren von Generationen der Familie Bodensteiner bewirtschaftet. Im rustikalen Gastzimmer und in dem gem\u00fctlichen Biergarten unter alten Kastanienb\u00e4umen k\u00f6nnen G\u00e4ste die besondere, famili\u00e4re Atmosph\u00e4re des Hauses und traditionelle Oberpf\u00e4lzer Schmankerln genie\u00dfen. Und nat\u00fcrlich [&hellip;]","og_url":"https:\/\/gasthof-bodensteiner.de\/?page_id=835","og_site_name":"Gasthof Bodensteiner","article_modified_time":"2020-03-28T18:20:48+00:00","og_image":[{"url":"http:\/\/gasthof-bodensteiner.de\/wp-content\/uploads\/2020\/03\/logofreigestellt-768x768.png"}],"twitter_card":"summary_large_image","twitter_misc":{"Gesch\u00e4tzte Lesezeit":"1\u00a0Minute"},"schema":{"@context":"https:\/\/schema.org","@graph":[{"@type":"WebPage","@id":"https:\/\/gasthof-bodensteiner.de\/?page_id=835","url":"https:\/\/gasthof-bodensteiner.de\/?page_id=835","name":"\u00dcber uns - Gasthof Bodensteiner","isPartOf":{"@id":"https:\/\/gasthof-bodensteiner.de\/#website"},"datePublished":"2020-03-19T12:01:45+00:00","dateModified":"2020-03-28T18:20:48+00:00","breadcrumb":{"@id":"https:\/\/gasthof-bodensteiner.de\/?page_id=835#breadcrumb"},"inLanguage":"de","potentialAction":[{"@type":"ReadAction","target":["https:\/\/gasthof-bodensteiner.de\/?page_id=835"]}]},{"@type":"BreadcrumbList","@id":"https:\/\/gasthof-bodensteiner.de\/?page_id=835#breadcrumb","itemListElement":[{"@type":"ListItem","position":1,"name":"Startseite","item":"https:\/\/gasthof-bodensteiner.de\/"},{"@type":"ListItem","position":2,"name":"\u00dcber uns"}]},{"@type":"WebSite","@id":"https:\/\/gasthof-bodensteiner.de\/#website","url":"https:\/\/gasthof-bodensteiner.de\/","name":"Gasthof Bodensteiner","description":"Tradition seit 1734","publisher":{"@id":"https:\/\/gasthof-bodensteiner.de\/#organization"},"potentialAction":[{"@type":"SearchAction","target":{"@type":"EntryPoint","urlTemplate":"https:\/\/gasthof-bodensteiner.de\/?s={search_term_string}"},"query-input":"required name=search_term_string"}],"inLanguage":"de"},{"@type":"Organization","@id":"https:\/\/gasthof-bodensteiner.de\/#organization","name":"Gasthof Bodensteiner","url":"https:\/\/gasthof-bodensteiner.de\/","logo":{"@type":"ImageObject","inLanguage":"de","@id":"https:\/\/gasthof-bodensteiner.de\/#\/schema\/logo\/image\/","url":"https:\/\/gasthof-bodensteiner.de\/wp-content\/uploads\/2020\/03\/logofreigestellt.png","contentUrl":"https:\/\/gasthof-bodensteiner.de\/wp-content\/uploads\/2020\/03\/logofreigestellt.png","width":2300,"height":2300,"caption":"Gasthof Bodensteiner"},"image":{"@id":"https:\/\/gasthof-bodensteiner.de\/#\/schema\/logo\/image\/"}}]}},"_links":{"self":[{"href":"https:\/\/gasthof-bodensteiner.de\/index.php?rest_route=\/wp\/v2\/pages\/835","targetHints":{"allow":["GET"]}}],"collection":[{"href":"https:\/\/gasthof-bodensteiner.de\/index.php?rest_route=\/wp\/v2\/pages"}],"about":[{"href":"https:\/\/gasthof-bodensteiner.de\/index.php?rest_route=\/wp\/v2\/types\/page"}],"author":[{"embeddable":true,"href":"https:\/\/gasthof-bodensteiner.de\/index.php?rest_route=\/wp\/v2\/users\/1"}],"replies":[{"embeddable":true,"href":"https:\/\/gasthof-bodensteiner.de\/index.php?rest_route=%2Fwp%2Fv2%2Fcomments&post=835"}],"version-history":[{"count":19,"href":"https:\/\/gasthof-bodensteiner.de\/index.php?rest_route=\/wp\/v2\/pages\/835\/revisions"}],"predecessor-version":[{"id":1417,"href":"https:\/\/gasthof-bodensteiner.de\/index.php?rest_route=\/wp\/v2\/pages\/835\/revisions\/1417"}],"wp:attachment":[{"href":"https:\/\/gasthof-bodensteiner.de\/index.php?rest_route=%2Fwp%2Fv2%2Fmedia&parent=835"}],"curies":[{"name":"wp","href":"https:\/\/api.w.org\/{rel}","templated":true}]}}