{"id":16,"date":"2020-03-19T17:52:37","date_gmt":"2020-03-19T16:52:37","guid":{"rendered":"http:\/\/gasthof-bodensteiner.de\/?page_id=16"},"modified":"2020-03-19T17:53:17","modified_gmt":"2020-03-19T16:53:17","slug":"impressum","status":"publish","type":"page","link":"https:\/\/gasthof-bodensteiner.de\/?page_id=16","title":{"rendered":"Impressum"},"content":{"rendered":"\t\t<div data-elementor-type=\"wp-page\" data-elementor-id=\"16\" class=\"elementor elementor-16\">\n\t\t\t\t\t\t\t\t\t<section class=\"elementor-section elementor-top-section elementor-element elementor-element-d90459c elementor-section-boxed elementor-section-height-default elementor-section-height-default\" data-id=\"d90459c\" data-element_type=\"section\">\n\t\t\t\t\t\t<div class=\"elementor-container elementor-column-gap-default\">\n\t\t\t\t\t<div class=\"elementor-column elementor-col-100 elementor-top-column elementor-element elementor-element-19359be\" data-id=\"19359be\" data-element_type=\"column\">\n\t\t\t<div class=\"elementor-widget-wrap elementor-element-populated\">\n\t\t\t\t\t\t\t\t<div class=\"elementor-element elementor-element-96b72ca elementor-widget elementor-widget-text-editor\" data-id=\"96b72ca\" data-element_type=\"widget\" data-widget_type=\"text-editor.default\">\n\t\t\t\t<div class=\"elementor-widget-container\">\n\t\t\t\t\t\t\t<p><span style=\"font-weight: 400;\">Gasthof Bodensteiner<\/span><\/p><p><span style=\"font-weight: 400;\">Hauptstra\u00dfe 25<\/span><\/p><p><span style=\"font-weight: 400;\">92551 Stulln<\/span><\/p><p><span style=\"font-weight: 400;\">Gregor Bodensteiner<\/span><\/p><p><span style=\"font-weight: 400;\">Tel \u00a0 09435 &#8211; 501213<\/span><\/p><p><span style=\"font-weight: 400;\">Fax \u00a0 \u00a0 09435 &#8211; 3406<\/span><\/p><p><span style=\"font-weight: 400;\">E-Mail: \u00a0 <\/span><a href=\"mailto:gregorrogerg@gmx.net\"><span style=\"font-weight: 400;\">gregorrogerg@gmx.net<\/span><\/a><\/p><p><span style=\"font-weight: 400;\">Internet: http:\/\/www.gasthof-bodensteiner.de<\/span><\/p><p><span style=\"font-weight: 400;\">Haftungshinweis:<\/span><\/p><p><span style=\"font-weight: 400;\">Trotz sorgf\u00e4ltiger inhaltlicher Kontrolle \u00fcbernimmt der Gasthof Bodensteiner keine Haftung f\u00fcr die Inhalte externer Links.<\/span><\/p><p><span style=\"font-weight: 400;\">F\u00fcr den Inhalt der verlinkten Seiten sind ausschlie\u00dflich deren Betreiber verantwortlich.<\/span><\/p><p><span style=\"font-weight: 400;\">Copyright:<\/span><\/p><p><span style=\"font-weight: 400;\">Das Copyright liegt ausdr\u00fccklich unter Vorbehalt bei Gregor Bodensteiner. Der Inhalt dieser Website ist urheberrechtlich gesch\u00fctzt.<\/span><\/p><p><span style=\"font-weight: 400;\">Die Verwendung, Speicherung und Vervielf\u00e4ltigung von Bildmaterial, Grafiken und Design ist nicht erlaubt und unterliegt dem Urheberrecht.<\/span><\/p>\t\t\t\t\t\t<\/div>\n\t\t\t\t<\/div>\n\t\t\t\t\t<\/div>\n\t\t<\/div>\n\t\t\t\t\t\t\t<\/div>\n\t\t<\/section>\n\t\t\t\t\t\t\t<\/div>\n\t\t","protected":false},"excerpt":{"rendered":"<p>Gasthof Bodensteiner Hauptstra\u00dfe 25 92551 Stulln Gregor Bodensteiner Tel &nbsp; 09435 &#8211; 501213 Fax &nbsp; &nbsp; 09435 &#8211; 3406 E-Mail: &nbsp; gregorrogerg@gmx.net Internet: http:\/\/www.gasthof-bodensteiner.de Haftungshinweis: Trotz sorgf\u00e4ltiger inhaltlicher Kontrolle \u00fcbernimmt der Gasthof Bodensteiner keine Haftung f\u00fcr die Inhalte externer Links. F\u00fcr den Inhalt der verlinkten Seiten sind ausschlie\u00dflich deren Betreiber verantwortlich. Copyright: Das Copyright liegt [&hellip;]<\/p>\n","protected":false},"author":1,"featured_media":0,"parent":0,"menu_order":0,"comment_status":"closed","ping_status":"closed","template":"","meta":{"ocean_post_layout":"","ocean_both_sidebars_style":"","ocean_both_sidebars_content_width":0,"ocean_both_sidebars_sidebars_width":0,"ocean_sidebar":"0","ocean_second_sidebar":"0","ocean_disable_margins":"enable","ocean_add_body_class":"","ocean_shortcode_before_top_bar":"","ocean_shortcode_after_top_bar":"","ocean_shortcode_before_header":"","ocean_shortcode_after_header":"","ocean_has_shortcode":"","ocean_shortcode_after_title":"","ocean_shortcode_before_footer_widgets":"","ocean_shortcode_after_footer_widgets":"","ocean_shortcode_before_footer_bottom":"","ocean_shortcode_after_footer_bottom":"","ocean_display_top_bar":"default","ocean_display_header":"default","ocean_header_style":"","ocean_center_header_left_menu":"0","ocean_custom_header_template":"0","ocean_custom_logo":0,"ocean_custom_retina_logo":0,"ocean_custom_logo_max_width":0,"ocean_custom_logo_tablet_max_width":0,"ocean_custom_logo_mobile_max_width":0,"ocean_custom_logo_max_height":0,"ocean_custom_logo_tablet_max_height":0,"ocean_custom_logo_mobile_max_height":0,"ocean_header_custom_menu":"0","ocean_menu_typo_font_family":"0","ocean_menu_typo_font_subset":"","ocean_menu_typo_font_size":0,"ocean_menu_typo_font_size_tablet":0,"ocean_menu_typo_font_size_mobile":0,"ocean_menu_typo_font_size_unit":"px","ocean_menu_typo_font_weight":"","ocean_menu_typo_font_weight_tablet":"","ocean_menu_typo_font_weight_mobile":"","ocean_menu_typo_transform":"","ocean_menu_typo_transform_tablet":"","ocean_menu_typo_transform_mobile":"","ocean_menu_typo_line_height":0,"ocean_menu_typo_line_height_tablet":0,"ocean_menu_typo_line_height_mobile":0,"ocean_menu_typo_line_height_unit":"","ocean_menu_typo_spacing":0,"ocean_menu_typo_spacing_tablet":0,"ocean_menu_typo_spacing_mobile":0,"ocean_menu_typo_spacing_unit":"","ocean_menu_link_color":"","ocean_menu_link_color_hover":"","ocean_menu_link_color_active":"","ocean_menu_link_background":"","ocean_menu_link_hover_background":"","ocean_menu_link_active_background":"","ocean_menu_social_links_bg":"","ocean_menu_social_hover_links_bg":"","ocean_menu_social_links_color":"","ocean_menu_social_hover_links_color":"","ocean_disable_title":"default","ocean_disable_heading":"default","ocean_post_title":"","ocean_post_subheading":"","ocean_post_title_style":"","ocean_post_title_background_color":"","ocean_post_title_background":0,"ocean_post_title_bg_image_position":"","ocean_post_title_bg_image_attachment":"","ocean_post_title_bg_image_repeat":"","ocean_post_title_bg_image_size":"","ocean_post_title_height":0,"ocean_post_title_bg_overlay":0.5,"ocean_post_title_bg_overlay_color":"","ocean_disable_breadcrumbs":"default","ocean_breadcrumbs_color":"","ocean_breadcrumbs_separator_color":"","ocean_breadcrumbs_links_color":"","ocean_breadcrumbs_links_hover_color":"","ocean_display_footer_widgets":"default","ocean_display_footer_bottom":"default","ocean_custom_footer_template":"0","footnotes":""},"class_list":["post-16","page","type-page","status-publish","hentry","entry"],"yoast_head":"<!-- This site is optimized with the Yoast SEO plugin v19.13 - https:\/\/yoast.com\/wordpress\/plugins\/seo\/ -->\n<title>Impressum - Gasthof Bodensteiner<\/title>\n<meta name=\"robots\" content=\"index, follow, max-snippet:-1, max-image-preview:large, max-video-preview:-1\" \/>\n<link rel=\"canonical\" href=\"https:\/\/gasthof-bodensteiner.de\/?page_id=16\" \/>\n<meta property=\"og:locale\" content=\"de_DE\" \/>\n<meta property=\"og:type\" content=\"article\" \/>\n<meta property=\"og:title\" content=\"Impressum - Gasthof Bodensteiner\" \/>\n<meta property=\"og:description\" content=\"Gasthof Bodensteiner Hauptstra\u00dfe 25 92551 Stulln Gregor Bodensteiner Tel &nbsp; 09435 &#8211; 501213 Fax &nbsp; &nbsp; 09435 &#8211; 3406 E-Mail: &nbsp; gregorrogerg@gmx.net Internet: http:\/\/www.gasthof-bodensteiner.de Haftungshinweis: Trotz sorgf\u00e4ltiger inhaltlicher Kontrolle \u00fcbernimmt der Gasthof Bodensteiner keine Haftung f\u00fcr die Inhalte externer Links. F\u00fcr den Inhalt der verlinkten Seiten sind ausschlie\u00dflich deren Betreiber verantwortlich. Copyright: Das Copyright liegt [&hellip;]\" \/>\n<meta property=\"og:url\" content=\"https:\/\/gasthof-bodensteiner.de\/?page_id=16\" \/>\n<meta property=\"og:site_name\" content=\"Gasthof Bodensteiner\" \/>\n<meta property=\"article:modified_time\" content=\"2020-03-19T16:53:17+00:00\" \/>\n<meta name=\"twitter:card\" content=\"summary_large_image\" \/>\n<script type=\"application\/ld+json\" class=\"yoast-schema-graph\">{\"@context\":\"https:\/\/schema.org\",\"@graph\":[{\"@type\":\"WebPage\",\"@id\":\"https:\/\/gasthof-bodensteiner.de\/?page_id=16\",\"url\":\"https:\/\/gasthof-bodensteiner.de\/?page_id=16\",\"name\":\"Impressum - Gasthof Bodensteiner\",\"isPartOf\":{\"@id\":\"https:\/\/gasthof-bodensteiner.de\/#website\"},\"datePublished\":\"2020-03-19T16:52:37+00:00\",\"dateModified\":\"2020-03-19T16:53:17+00:00\",\"breadcrumb\":{\"@id\":\"https:\/\/gasthof-bodensteiner.de\/?page_id=16#breadcrumb\"},\"inLanguage\":\"de\",\"potentialAction\":[{\"@type\":\"ReadAction\",\"target\":[\"https:\/\/gasthof-bodensteiner.de\/?page_id=16\"]}]},{\"@type\":\"BreadcrumbList\",\"@id\":\"https:\/\/gasthof-bodensteiner.de\/?page_id=16#breadcrumb\",\"itemListElement\":[{\"@type\":\"ListItem\",\"position\":1,\"name\":\"Startseite\",\"item\":\"https:\/\/gasthof-bodensteiner.de\/\"},{\"@type\":\"ListItem\",\"position\":2,\"name\":\"Impressum\"}]},{\"@type\":\"WebSite\",\"@id\":\"https:\/\/gasthof-bodensteiner.de\/#website\",\"url\":\"https:\/\/gasthof-bodensteiner.de\/\",\"name\":\"Gasthof Bodensteiner\",\"description\":\"Tradition seit 1734\",\"publisher\":{\"@id\":\"https:\/\/gasthof-bodensteiner.de\/#organization\"},\"potentialAction\":[{\"@type\":\"SearchAction\",\"target\":{\"@type\":\"EntryPoint\",\"urlTemplate\":\"https:\/\/gasthof-bodensteiner.de\/?s={search_term_string}\"},\"query-input\":\"required name=search_term_string\"}],\"inLanguage\":\"de\"},{\"@type\":\"Organization\",\"@id\":\"https:\/\/gasthof-bodensteiner.de\/#organization\",\"name\":\"Gasthof Bodensteiner\",\"url\":\"https:\/\/gasthof-bodensteiner.de\/\",\"logo\":{\"@type\":\"ImageObject\",\"inLanguage\":\"de\",\"@id\":\"https:\/\/gasthof-bodensteiner.de\/#\/schema\/logo\/image\/\",\"url\":\"https:\/\/gasthof-bodensteiner.de\/wp-content\/uploads\/2020\/03\/logofreigestellt.png\",\"contentUrl\":\"https:\/\/gasthof-bodensteiner.de\/wp-content\/uploads\/2020\/03\/logofreigestellt.png\",\"width\":2300,\"height\":2300,\"caption\":\"Gasthof Bodensteiner\"},\"image\":{\"@id\":\"https:\/\/gasthof-bodensteiner.de\/#\/schema\/logo\/image\/\"}}]}<\/script>\n<!-- \/ Yoast SEO plugin. -->","yoast_head_json":{"title":"Impressum - Gasthof Bodensteiner","robots":{"index":"index","follow":"follow","max-snippet":"max-snippet:-1","max-image-preview":"max-image-preview:large","max-video-preview":"max-video-preview:-1"},"canonical":"https:\/\/gasthof-bodensteiner.de\/?page_id=16","og_locale":"de_DE","og_type":"article","og_title":"Impressum - Gasthof Bodensteiner","og_description":"Gasthof Bodensteiner Hauptstra\u00dfe 25 92551 Stulln Gregor Bodensteiner Tel &nbsp; 09435 &#8211; 501213 Fax &nbsp; &nbsp; 09435 &#8211; 3406 E-Mail: &nbsp; gregorrogerg@gmx.net Internet: http:\/\/www.gasthof-bodensteiner.de Haftungshinweis: Trotz sorgf\u00e4ltiger inhaltlicher Kontrolle \u00fcbernimmt der Gasthof Bodensteiner keine Haftung f\u00fcr die Inhalte externer Links. F\u00fcr den Inhalt der verlinkten Seiten sind ausschlie\u00dflich deren Betreiber verantwortlich. Copyright: Das Copyright liegt [&hellip;]","og_url":"https:\/\/gasthof-bodensteiner.de\/?page_id=16","og_site_name":"Gasthof Bodensteiner","article_modified_time":"2020-03-19T16:53:17+00:00","twitter_card":"summary_large_image","schema":{"@context":"https:\/\/schema.org","@graph":[{"@type":"WebPage","@id":"https:\/\/gasthof-bodensteiner.de\/?page_id=16","url":"https:\/\/gasthof-bodensteiner.de\/?page_id=16","name":"Impressum - Gasthof Bodensteiner","isPartOf":{"@id":"https:\/\/gasthof-bodensteiner.de\/#website"},"datePublished":"2020-03-19T16:52:37+00:00","dateModified":"2020-03-19T16:53:17+00:00","breadcrumb":{"@id":"https:\/\/gasthof-bodensteiner.de\/?page_id=16#breadcrumb"},"inLanguage":"de","potentialAction":[{"@type":"ReadAction","target":["https:\/\/gasthof-bodensteiner.de\/?page_id=16"]}]},{"@type":"BreadcrumbList","@id":"https:\/\/gasthof-bodensteiner.de\/?page_id=16#breadcrumb","itemListElement":[{"@type":"ListItem","position":1,"name":"Startseite","item":"https:\/\/gasthof-bodensteiner.de\/"},{"@type":"ListItem","position":2,"name":"Impressum"}]},{"@type":"WebSite","@id":"https:\/\/gasthof-bodensteiner.de\/#website","url":"https:\/\/gasthof-bodensteiner.de\/","name":"Gasthof Bodensteiner","description":"Tradition seit 1734","publisher":{"@id":"https:\/\/gasthof-bodensteiner.de\/#organization"},"potentialAction":[{"@type":"SearchAction","target":{"@type":"EntryPoint","urlTemplate":"https:\/\/gasthof-bodensteiner.de\/?s={search_term_string}"},"query-input":"required name=search_term_string"}],"inLanguage":"de"},{"@type":"Organization","@id":"https:\/\/gasthof-bodensteiner.de\/#organization","name":"Gasthof Bodensteiner","url":"https:\/\/gasthof-bodensteiner.de\/","logo":{"@type":"ImageObject","inLanguage":"de","@id":"https:\/\/gasthof-bodensteiner.de\/#\/schema\/logo\/image\/","url":"https:\/\/gasthof-bodensteiner.de\/wp-content\/uploads\/2020\/03\/logofreigestellt.png","contentUrl":"https:\/\/gasthof-bodensteiner.de\/wp-content\/uploads\/2020\/03\/logofreigestellt.png","width":2300,"height":2300,"caption":"Gasthof Bodensteiner"},"image":{"@id":"https:\/\/gasthof-bodensteiner.de\/#\/schema\/logo\/image\/"}}]}},"_links":{"self":[{"href":"https:\/\/gasthof-bodensteiner.de\/index.php?rest_route=\/wp\/v2\/pages\/16","targetHints":{"allow":["GET"]}}],"collection":[{"href":"https:\/\/gasthof-bodensteiner.de\/index.php?rest_route=\/wp\/v2\/pages"}],"about":[{"href":"https:\/\/gasthof-bodensteiner.de\/index.php?rest_route=\/wp\/v2\/types\/page"}],"author":[{"embeddable":true,"href":"https:\/\/gasthof-bodensteiner.de\/index.php?rest_route=\/wp\/v2\/users\/1"}],"replies":[{"embeddable":true,"href":"https:\/\/gasthof-bodensteiner.de\/index.php?rest_route=%2Fwp%2Fv2%2Fcomments&post=16"}],"version-history":[{"count":3,"href":"https:\/\/gasthof-bodensteiner.de\/index.php?rest_route=\/wp\/v2\/pages\/16\/revisions"}],"predecessor-version":[{"id":880,"href":"https:\/\/gasthof-bodensteiner.de\/index.php?rest_route=\/wp\/v2\/pages\/16\/revisions\/880"}],"wp:attachment":[{"href":"https:\/\/gasthof-bodensteiner.de\/index.php?rest_route=%2Fwp%2Fv2%2Fmedia&parent=16"}],"curies":[{"name":"wp","href":"https:\/\/api.w.org\/{rel}","templated":true}]}}